{"id":1064,"date":"2021-10-13T17:08:51","date_gmt":"2021-10-13T20:08:51","guid":{"rendered":"http:\/\/coasyp.org\/blog\/?page_id=1064"},"modified":"2021-11-03T17:00:53","modified_gmt":"2021-11-03T20:00:53","slug":"jornada-internacional-de-excelencia-de-medicina-deportiva","status":"publish","type":"page","link":"http:\/\/coasyp.org\/blog\/?page_id=1064","title":{"rendered":"Jornada Internacional: Reflejos"},"content":{"rendered":"\n<p><strong><span class=\"has-inline-color has-vivid-cyan-blue-color\">www.masvida.com<\/span><\/strong><\/p>\n\n\n\n<p><\/p>\n\n\n\n<figure class=\"wp-block-image size-large\"><a href=\"www.masvida.com\"><img loading=\"lazy\" decoding=\"async\" width=\"1024\" height=\"576\" src=\"http:\/\/coasyp.org\/blog\/wp-content\/uploads\/2021\/10\/IMAGEN-PARA-MASVIDA-1024x576.jpg\" alt=\"\" class=\"wp-image-1088\" srcset=\"http:\/\/coasyp.org\/blog\/wp-content\/uploads\/2021\/10\/IMAGEN-PARA-MASVIDA-1024x576.jpg 1024w, http:\/\/coasyp.org\/blog\/wp-content\/uploads\/2021\/10\/IMAGEN-PARA-MASVIDA-300x169.jpg 300w, http:\/\/coasyp.org\/blog\/wp-content\/uploads\/2021\/10\/IMAGEN-PARA-MASVIDA-768x432.jpg 768w, http:\/\/coasyp.org\/blog\/wp-content\/uploads\/2021\/10\/IMAGEN-PARA-MASVIDA-800x450.jpg 800w, http:\/\/coasyp.org\/blog\/wp-content\/uploads\/2021\/10\/IMAGEN-PARA-MASVIDA.jpg 1280w\" sizes=\"auto, (max-width: 1024px) 100vw, 1024px\" \/><\/a><figcaption>www.masvida.com<\/figcaption><\/figure>\n\n\n\n<p><\/p>\n\n\n\n<h3 class=\"wp-block-heading\"><strong><em>APERTURA:<\/em><\/strong><\/h3>\n\n\n\n<h3 class=\"wp-block-heading\"><strong><em>AMERICAN COLLEGE OF SPORTS MEDICINE AL ESPA\u00d1OL<\/em><\/strong><\/h3>\n\n\n\n<h3 class=\"wp-block-heading\"><strong><em>&nbsp;<\/em><\/strong>22 de Octubre 2021. 12:00 pm Argentina. 10:00 am Mexico.11:00 am EDT. :05.00 pm Europa<\/h3>\n\n\n\n<h3 class=\"wp-block-heading\">\u2022<strong>NiCole Keith <\/strong>\u2013 Diversidad en el equipo de trabajo de medicina deportiva&nbsp;&nbsp;&nbsp;&nbsp; y del ejercicio<\/h3>\n\n\n\n<h3 class=\"wp-block-heading\">\u2022<strong>Stella Volpe <\/strong>\u2013 Alimentar al&nbsp; atleta para el mejor&nbsp; rendimiento&nbsp;&nbsp;&nbsp;&nbsp;&nbsp;<\/h3>\n\n\n\n<h3 class=\"wp-block-heading\">\u2022<strong>Anastasia Fisher <\/strong>\u2013 Especializaci\u00f3n deportiva en ni\u00f1os<\/h3>\n\n\n\n<h3 class=\"wp-block-heading\">\u2022<strong>Elizabeth A. Joy <\/strong>&#8211; Tr\u00edada de atletas femeninas<\/h3>\n\n\n\n<h3 class=\"wp-block-heading\">\u2022<strong>William Roberts&nbsp; &#8211; <\/strong>Ejercicio en el calor y el movimiento. El golpe de calor.<\/h3>\n\n\n\n<h3 class=\"wp-block-heading\">\u2022<strong>William Dexter <\/strong>\u2013 Rugby: Problemas comunes<\/h3>\n\n\n\n<h3 class=\"wp-block-heading\">\u2022<strong>Bruce Gladden <\/strong>\u2013 Gl\u00f3bulos rojos versus. concentraci\u00f3n plasm\u00e1tica<strong> <\/strong>en la medici\u00f3n del lactato<\/h3>\n\n\n\n<h3 class=\"wp-block-heading\">\u2022<strong>Paul D. Thompson <\/strong>&#8211; \u00bfPuede el coraz\u00f3n tener una lesi\u00f3n deportiva?<\/h3>\n\n\n\n<h3 class=\"wp-block-heading\">\u2022<strong>Walt Thompson <\/strong>\u2013 juegos paraol\u00edmpicos: <\/h3>\n\n\n\n<h3 class=\"wp-block-heading\">\u2022<strong>W. Dexter y W. Roberts <\/strong>&#8211; ITPC in Argentina &#8211;&nbsp;&nbsp; 20 a\u00f1os despu\u00e9s.<\/h3>\n\n\n\n<p><\/p>\n\n\n\n<p><em>Somos el Colegio Americano de Medicina Deportiva, con m\u00e1s de 50,000 miembros y profesionales certificados de 90 pa\u00edses de todo el mundo. Representando 70 ocupaciones dentro del campo de la medicina deportiva, ACSM es la \u00fanica organizaci\u00f3n que ofrece una visi\u00f3n de 360 grados de la profesi\u00f3n.<\/em><\/p>\n\n\n\n<p><em>Desde acad\u00e9micos hasta estudiantes y desde entrenadores personales hasta m\u00e9dicos, nuestra asociaci\u00f3n de medicina deportiva, ciencias del ejercicio y profesionales de la salud y el fitness se dedica a ayudar a las personas de todo el mundo a vivir vidas m\u00e1s largas y saludables.<\/em><\/p>\n\n\n\n<p><em>Imagine el impacto de 50,000 miembros y profesionales certificados que hablan con una sola voz, proporcionando orientaci\u00f3n informada con el objetivo de mejorar la salud de las personas a trav\u00e9s de la adopci\u00f3n de intervenciones de actividad f\u00edsica.<\/em><\/p>\n\n\n\n<p><em>Se ha demostrado que la educaci\u00f3n f\u00edsica de alta calidad beneficia la aptitud f\u00edsica y la salud en general.&nbsp; El riesgo de enfermedades costosas que involucran los sistemas cardiovasculares y metab\u00f3licos del cuerpo, disminuyen junto con la aptitud f\u00edsica.&nbsp; De igual importancia, se ha demostrado que la educaci\u00f3n f\u00edsica mejora el rendimiento acad\u00e9mico y el desarrollo de una funci\u00f3n cognitiva s\u00f3lida.&nbsp; Los datos de la Academia Nacional de Medicina de los Estados Unidos muestran que los ni\u00f1os m\u00e1s activos han mejorado la atenci\u00f3n y se desempe\u00f1an mejor en las pruebas estandarizadas.<\/em><\/p>\n\n\n\n<figure class=\"wp-block-embed is-type-video is-provider-youtube wp-block-embed-youtube wp-embed-aspect-16-9 wp-has-aspect-ratio\"><div class=\"wp-block-embed__wrapper\">\n<iframe loading=\"lazy\" title=\"PAUL THOMPSON SE PRESENTA\" width=\"600\" height=\"338\" src=\"https:\/\/www.youtube.com\/embed\/oNAToc1qpI8?feature=oembed\" frameborder=\"0\" allow=\"accelerometer; autoplay; clipboard-write; encrypted-media; gyroscope; picture-in-picture; web-share\" referrerpolicy=\"strict-origin-when-cross-origin\" allowfullscreen><\/iframe>\n<\/div><\/figure>\n\n\n\n<figure class=\"wp-block-embed is-type-video is-provider-youtube wp-block-embed-youtube wp-embed-aspect-16-9 wp-has-aspect-ratio\"><div class=\"wp-block-embed__wrapper\">\n<iframe loading=\"lazy\" title=\"ANASTASIA\" width=\"600\" height=\"338\" src=\"https:\/\/www.youtube.com\/embed\/I6ksO9Wjpoo?feature=oembed\" frameborder=\"0\" allow=\"accelerometer; autoplay; clipboard-write; encrypted-media; gyroscope; picture-in-picture; web-share\" referrerpolicy=\"strict-origin-when-cross-origin\" allowfullscreen><\/iframe>\n<\/div><figcaption><strong>Anastasia Fischer. Elect President ACSM<\/strong><\/figcaption><\/figure>\n","protected":false},"excerpt":{"rendered":"<p>www.masvida.com APERTURA: AMERICAN COLLEGE OF SPORTS MEDICINE AL ESPA\u00d1OL &nbsp;22 de Octubre 2021. 12:00 pm Argentina. 10:00 am Mexico.11:00 am EDT. :05.00 pm Europa \u2022NiCole Keith \u2013 Diversidad en el equipo de trabajo de medicina deportiva&nbsp;&nbsp;&nbsp;&nbsp; y del ejercicio \u2022Stella Volpe \u2013 Alimentar al&nbsp; atleta para el mejor&nbsp; rendimiento&nbsp;&nbsp;&nbsp;&nbsp;&nbsp; \u2022Anastasia Fisher \u2013 Especializaci\u00f3n deportiva en [&hellip;]<\/p>\n","protected":false},"author":2,"featured_media":0,"parent":0,"menu_order":0,"comment_status":"closed","ping_status":"closed","template":"","meta":{"footnotes":""},"class_list":["post-1064","page","type-page","status-publish","hentry"],"_links":{"self":[{"href":"http:\/\/coasyp.org\/blog\/index.php?rest_route=\/wp\/v2\/pages\/1064","targetHints":{"allow":["GET"]}}],"collection":[{"href":"http:\/\/coasyp.org\/blog\/index.php?rest_route=\/wp\/v2\/pages"}],"about":[{"href":"http:\/\/coasyp.org\/blog\/index.php?rest_route=\/wp\/v2\/types\/page"}],"author":[{"embeddable":true,"href":"http:\/\/coasyp.org\/blog\/index.php?rest_route=\/wp\/v2\/users\/2"}],"replies":[{"embeddable":true,"href":"http:\/\/coasyp.org\/blog\/index.php?rest_route=%2Fwp%2Fv2%2Fcomments&post=1064"}],"version-history":[{"count":11,"href":"http:\/\/coasyp.org\/blog\/index.php?rest_route=\/wp\/v2\/pages\/1064\/revisions"}],"predecessor-version":[{"id":1096,"href":"http:\/\/coasyp.org\/blog\/index.php?rest_route=\/wp\/v2\/pages\/1064\/revisions\/1096"}],"wp:attachment":[{"href":"http:\/\/coasyp.org\/blog\/index.php?rest_route=%2Fwp%2Fv2%2Fmedia&parent=1064"}],"curies":[{"name":"wp","href":"https:\/\/api.w.org\/{rel}","templated":true}]}}